{"id":540,"date":"2026-02-23T13:33:42","date_gmt":"2026-02-23T13:33:42","guid":{"rendered":"https:\/\/olavuon.com\/home\/?page_id=540"},"modified":"2026-02-23T13:34:02","modified_gmt":"2026-02-23T13:34:02","slug":"cao-nghe-trang","status":"publish","type":"page","link":"https:\/\/olavuon.com\/home\/catalog\/cao-nghe-trang\/","title":{"rendered":"Cao ngh\u1ec7 tr\u1eafng"},"content":{"rendered":"<div class=\"wp-block-uagb-container uagb-block-3ba97cbf alignfull uagb-is-root-container\"><div class=\"uagb-container-inner-blocks-wrap\"><div class=\"wp-block-uagb-container uagb-block-d00a78ff\"><figure class=\"wp-block-image size-large has-custom-border\" style=\"margin-top:0;margin-right:0;margin-bottom:0;margin-left:0\"><img loading=\"lazy\" decoding=\"async\" width=\"1024\" height=\"1024\" src=\"https:\/\/olavuon.com\/wp-content\/uploads\/2026\/02\/Olavuon-logo-1024x1024.png\" alt=\"\" class=\"wp-image-565\" style=\"border-style:none;border-width:0px;border-top-left-radius:20px;border-top-right-radius:20px;border-bottom-left-radius:20px;border-bottom-right-radius:20px;aspect-ratio:1;object-fit:cover\" srcset=\"https:\/\/olavuon.com\/wp-content\/uploads\/2026\/02\/Olavuon-logo-1024x1024.png 1024w, https:\/\/olavuon.com\/wp-content\/uploads\/2026\/02\/Olavuon-logo-300x300.png 300w, https:\/\/olavuon.com\/wp-content\/uploads\/2026\/02\/Olavuon-logo-150x150.png 150w, https:\/\/olavuon.com\/wp-content\/uploads\/2026\/02\/Olavuon-logo-768x768.png 768w, https:\/\/olavuon.com\/wp-content\/uploads\/2026\/02\/Olavuon-logo-1536x1536.png 1536w, https:\/\/olavuon.com\/wp-content\/uploads\/2026\/02\/Olavuon-logo-1320x1321.png 1320w, https:\/\/olavuon.com\/wp-content\/uploads\/2026\/02\/Olavuon-logo-600x600.png 600w, https:\/\/olavuon.com\/wp-content\/uploads\/2026\/02\/Olavuon-logo-100x100.png 100w, https:\/\/olavuon.com\/wp-content\/uploads\/2026\/02\/Olavuon-logo.png 2001w\" sizes=\"auto, (max-width: 1024px) 100vw, 1024px\" \/><\/figure><\/div>\n\n<div class=\"wp-block-uagb-container uagb-block-ed8f72e5\"><h2 class=\"wp-block-heading has-primary-color has-text-color has-link-color has-svn-sunshine-font-family wp-elements-1f5050b72fb10fe0645a7276c8b7b7a9\" style=\"margin-top:0;margin-right:0;margin-bottom:0;margin-left:0;padding-top:0;padding-right:0;padding-bottom:0;padding-left:0;font-size:52px\">Cao ngh\u1ec7 tr\u1eafng<\/h2>\n\n<p style=\"margin-top:0;margin-bottom:0\"><strong>Th\u00e0nh ph\u1ea7n<\/strong>: Ngh\u1ec7 tr\u1eafng, ngh\u1ec7 \u0111en, hoa h\u1ed3ng, ch\u00e8 r\u1eebng hoa v\u00e0ng, xuy\u00ean t\u00e2m li\u00ean, t\u00eda t\u00f4, di\u1ebfp c\u00e1, b\u1ed3 h\u00f2n, tai chua, tinh d\u1ea7u m\u00f9i gi\u00e0, tinh d\u1ea7u ph\u1eadt th\u1ee7.<br><strong>C\u00f4ng d\u1ee5ng<\/strong>: L\u00e0m s\u1ea1ch s\u00e2u, gi\u1eef \u1ea9m. D\u01b0\u1ee1ng da m\u1eb7t m\u1ec1m, m\u1ecbn, th\u00f4ng tho\u00e1ng. Gi\u1ea3m m\u1ee5n \u1ea9n, vi\u00eam da, n\u00e1m, s\u1ea1m.<br><strong>\u0110\u1ec3 r\u1eeda m\u1eb7t:<\/strong><br>C\u00e1ch 1: l\u00e0m \u1ea9m da m\u1eb7t r\u1ed3i l\u1ea5y kho\u1ea3ng 3gr cao ra l\u00f2ng b\u00e0n tay, th\u00eam v\u00e0i gi\u1ecdt n\u01b0\u1edbc \u0111\u00e1nh tan cao trong l\u00f2ng b\u00e0n tay r\u1ed3i thoa \u0111\u1ec1u l\u00ean m\u1eb7t, massage nh\u1eb9 nh\u00e0ng v\u00e0i ph\u00fat r\u1ed3i r\u1eeda s\u1ea1ch v\u1edbi n\u01b0\u1edbc tinh khi\u1ebft.<br>C\u00e1ch 2: h\u00f2a tan 3-5gr cao v\u00e0o ch\u1eadu n\u01b0\u1edbc kho\u1ea3ng 3l\u00edt n\u01b0\u1edbc d\u00f9ng kh\u0103n nh\u00fang n\u01b0\u1edbc n\u00e0y r\u1eeda m\u1eb7t.<br><strong>\u0110\u1ec3 \u0111\u1eafp m\u1eb7t:<\/strong><br>L\u00e0m s\u1ea1ch v\u00e0 l\u00e0m \u1ea9m da m\u1eb7t r\u1ed3i l\u1ea5y kho\u1ea3ng 3- 5gr cao thoa \u0111\u1ec1u l\u00ean m\u1eb7t. Sau \u00edt nh\u1ea5t 30 ph\u00fat r\u1eeda s\u1ea1ch m\u1eb7t l\u1ea1i b\u1eb1ng n\u01b0\u1edbc tinh khi\u1ebft.<br><strong>B\u1ea3o qu\u1ea3n:<\/strong> B\u1ea3o qu\u1ea3n n\u01a1i kh\u00f4, tho\u00e1ng, tr\u00e1nh \u00e1nh n\u1eafng tr\u1ef1c ti\u1ebfp. HSD 6 th\u00e1ng \u1edf nhi\u1ec7t \u0111\u1ed9 ph\u00f2ng ho\u1eb7c 12 th\u00e1ng \u1edf \u0111i\u1ec1u ki\u1ec7n ng\u0103n m\u00e1t t\u1ee7 l\u1ea1nh.<\/p>\n\n<h2 class=\"wp-block-heading has-primary-color has-text-color has-link-color has-big-shoulders-font-family wp-elements-7f83da34455dc9d1ef9511336683953c\" style=\"margin-top:0;margin-right:0;margin-bottom:0;margin-left:0;padding-top:var(--wp--preset--spacing--xxx-small);padding-right:0;padding-bottom:var(--wp--preset--spacing--xxx-small);padding-left:0;font-size:30px;font-style:normal;font-weight:300\">100gr\/330.000\u0111<\/h2><\/div><\/div><\/div>","protected":false},"excerpt":{"rendered":"","protected":false},"author":1,"featured_media":0,"parent":220,"menu_order":0,"comment_status":"closed","ping_status":"closed","template":"catalog-single-product","meta":{"inline_featured_image":false,"_uag_custom_page_level_css":"","_swt_meta_header_display":false,"_swt_meta_footer_display":false,"_swt_meta_site_title_display":false,"_swt_meta_sticky_header":false,"_swt_meta_transparent_header":false,"footnotes":""},"class_list":["post-540","page","type-page","status-publish","hentry"],"yoast_head":"<!-- This site is optimized with the Yoast SEO plugin v23.6 - https:\/\/yoast.com\/wordpress\/plugins\/seo\/ -->\n<title>Cao ngh\u1ec7 tr\u1eafng - Olavuon<\/title>\n<meta name=\"robots\" content=\"index, follow, max-snippet:-1, max-image-preview:large, max-video-preview:-1\" \/>\n<link rel=\"canonical\" href=\"https:\/\/olavuon.com\/home\/catalog\/cao-nghe-trang\/\" \/>\n<meta property=\"og:locale\" content=\"vi_VN\" \/>\n<meta property=\"og:type\" content=\"article\" \/>\n<meta property=\"og:title\" content=\"Cao ngh\u1ec7 tr\u1eafng - Olavuon\" \/>\n<meta property=\"og:url\" content=\"https:\/\/olavuon.com\/home\/catalog\/cao-nghe-trang\/\" \/>\n<meta property=\"og:site_name\" content=\"Olavuon\" \/>\n<meta property=\"article:modified_time\" content=\"2026-02-23T13:34:02+00:00\" \/>\n<meta name=\"twitter:card\" content=\"summary_large_image\" \/>\n<script type=\"application\/ld+json\" class=\"yoast-schema-graph\">{\"@context\":\"https:\/\/schema.org\",\"@graph\":[{\"@type\":\"WebPage\",\"@id\":\"https:\/\/olavuon.com\/home\/catalog\/cao-nghe-trang\/\",\"url\":\"https:\/\/olavuon.com\/home\/catalog\/cao-nghe-trang\/\",\"name\":\"Cao ngh\u1ec7 tr\u1eafng - Olavuon\",\"isPartOf\":{\"@id\":\"https:\/\/olavuon.com\/home\/#website\"},\"datePublished\":\"2026-02-23T13:33:42+00:00\",\"dateModified\":\"2026-02-23T13:34:02+00:00\",\"breadcrumb\":{\"@id\":\"https:\/\/olavuon.com\/home\/catalog\/cao-nghe-trang\/#breadcrumb\"},\"inLanguage\":\"vi\",\"potentialAction\":[{\"@type\":\"ReadAction\",\"target\":[\"https:\/\/olavuon.com\/home\/catalog\/cao-nghe-trang\/\"]}]},{\"@type\":\"BreadcrumbList\",\"@id\":\"https:\/\/olavuon.com\/home\/catalog\/cao-nghe-trang\/#breadcrumb\",\"itemListElement\":[{\"@type\":\"ListItem\",\"position\":1,\"name\":\"Home\",\"item\":\"https:\/\/olavuon.com\/home\/\"},{\"@type\":\"ListItem\",\"position\":2,\"name\":\"Catalog\",\"item\":\"https:\/\/olavuon.com\/home\/\"},{\"@type\":\"ListItem\",\"position\":3,\"name\":\"Cao ngh\u1ec7 tr\u1eafng\"}]},{\"@type\":\"WebSite\",\"@id\":\"https:\/\/olavuon.com\/home\/#website\",\"url\":\"https:\/\/olavuon.com\/home\/\",\"name\":\"Olavuon\",\"description\":\"V\u01b0\u1eddn thu\u1ed1c\",\"publisher\":{\"@id\":\"https:\/\/olavuon.com\/home\/#organization\"},\"potentialAction\":[{\"@type\":\"SearchAction\",\"target\":{\"@type\":\"EntryPoint\",\"urlTemplate\":\"https:\/\/olavuon.com\/home\/?s={search_term_string}\"},\"query-input\":{\"@type\":\"PropertyValueSpecification\",\"valueRequired\":true,\"valueName\":\"search_term_string\"}}],\"inLanguage\":\"vi\"},{\"@type\":\"Organization\",\"@id\":\"https:\/\/olavuon.com\/home\/#organization\",\"name\":\"Olavuon\",\"url\":\"https:\/\/olavuon.com\/home\/\",\"logo\":{\"@type\":\"ImageObject\",\"inLanguage\":\"vi\",\"@id\":\"https:\/\/olavuon.com\/home\/#\/schema\/logo\/image\/\",\"url\":\"https:\/\/olavuon.com\/wp-content\/uploads\/2024\/10\/logo-1.svg\",\"contentUrl\":\"https:\/\/olavuon.com\/wp-content\/uploads\/2024\/10\/logo-1.svg\",\"caption\":\"Olavuon\"},\"image\":{\"@id\":\"https:\/\/olavuon.com\/home\/#\/schema\/logo\/image\/\"}}]}<\/script>\n<!-- \/ Yoast SEO plugin. -->","yoast_head_json":{"title":"Cao ngh\u1ec7 tr\u1eafng - Olavuon","robots":{"index":"index","follow":"follow","max-snippet":"max-snippet:-1","max-image-preview":"max-image-preview:large","max-video-preview":"max-video-preview:-1"},"canonical":"https:\/\/olavuon.com\/home\/catalog\/cao-nghe-trang\/","og_locale":"vi_VN","og_type":"article","og_title":"Cao ngh\u1ec7 tr\u1eafng - Olavuon","og_url":"https:\/\/olavuon.com\/home\/catalog\/cao-nghe-trang\/","og_site_name":"Olavuon","article_modified_time":"2026-02-23T13:34:02+00:00","twitter_card":"summary_large_image","schema":{"@context":"https:\/\/schema.org","@graph":[{"@type":"WebPage","@id":"https:\/\/olavuon.com\/home\/catalog\/cao-nghe-trang\/","url":"https:\/\/olavuon.com\/home\/catalog\/cao-nghe-trang\/","name":"Cao ngh\u1ec7 tr\u1eafng - Olavuon","isPartOf":{"@id":"https:\/\/olavuon.com\/home\/#website"},"datePublished":"2026-02-23T13:33:42+00:00","dateModified":"2026-02-23T13:34:02+00:00","breadcrumb":{"@id":"https:\/\/olavuon.com\/home\/catalog\/cao-nghe-trang\/#breadcrumb"},"inLanguage":"vi","potentialAction":[{"@type":"ReadAction","target":["https:\/\/olavuon.com\/home\/catalog\/cao-nghe-trang\/"]}]},{"@type":"BreadcrumbList","@id":"https:\/\/olavuon.com\/home\/catalog\/cao-nghe-trang\/#breadcrumb","itemListElement":[{"@type":"ListItem","position":1,"name":"Home","item":"https:\/\/olavuon.com\/home\/"},{"@type":"ListItem","position":2,"name":"Catalog","item":"https:\/\/olavuon.com\/home\/"},{"@type":"ListItem","position":3,"name":"Cao ngh\u1ec7 tr\u1eafng"}]},{"@type":"WebSite","@id":"https:\/\/olavuon.com\/home\/#website","url":"https:\/\/olavuon.com\/home\/","name":"Olavuon","description":"V\u01b0\u1eddn thu\u1ed1c","publisher":{"@id":"https:\/\/olavuon.com\/home\/#organization"},"potentialAction":[{"@type":"SearchAction","target":{"@type":"EntryPoint","urlTemplate":"https:\/\/olavuon.com\/home\/?s={search_term_string}"},"query-input":{"@type":"PropertyValueSpecification","valueRequired":true,"valueName":"search_term_string"}}],"inLanguage":"vi"},{"@type":"Organization","@id":"https:\/\/olavuon.com\/home\/#organization","name":"Olavuon","url":"https:\/\/olavuon.com\/home\/","logo":{"@type":"ImageObject","inLanguage":"vi","@id":"https:\/\/olavuon.com\/home\/#\/schema\/logo\/image\/","url":"https:\/\/olavuon.com\/wp-content\/uploads\/2024\/10\/logo-1.svg","contentUrl":"https:\/\/olavuon.com\/wp-content\/uploads\/2024\/10\/logo-1.svg","caption":"Olavuon"},"image":{"@id":"https:\/\/olavuon.com\/home\/#\/schema\/logo\/image\/"}}]}},"uagb_featured_image_src":{"full":false,"thumbnail":false,"medium":false,"medium_large":false,"large":false,"1536x1536":false,"2048x2048":false,"mailpoet_newsletter_max":false,"woocommerce_thumbnail":false,"woocommerce_single":false,"woocommerce_gallery_thumbnail":false},"uagb_author_info":{"display_name":"dohoang_olavuon","author_link":"https:\/\/olavuon.com\/home\/author\/dohoang_olavuon\/"},"uagb_comment_info":0,"uagb_excerpt":null,"_links":{"self":[{"href":"https:\/\/olavuon.com\/home\/wp-json\/wp\/v2\/pages\/540","targetHints":{"allow":["GET"]}}],"collection":[{"href":"https:\/\/olavuon.com\/home\/wp-json\/wp\/v2\/pages"}],"about":[{"href":"https:\/\/olavuon.com\/home\/wp-json\/wp\/v2\/types\/page"}],"author":[{"embeddable":true,"href":"https:\/\/olavuon.com\/home\/wp-json\/wp\/v2\/users\/1"}],"replies":[{"embeddable":true,"href":"https:\/\/olavuon.com\/home\/wp-json\/wp\/v2\/comments?post=540"}],"version-history":[{"count":3,"href":"https:\/\/olavuon.com\/home\/wp-json\/wp\/v2\/pages\/540\/revisions"}],"predecessor-version":[{"id":543,"href":"https:\/\/olavuon.com\/home\/wp-json\/wp\/v2\/pages\/540\/revisions\/543"}],"up":[{"embeddable":true,"href":"https:\/\/olavuon.com\/home\/wp-json\/wp\/v2\/pages\/220"}],"wp:attachment":[{"href":"https:\/\/olavuon.com\/home\/wp-json\/wp\/v2\/media?parent=540"}],"curies":[{"name":"wp","href":"https:\/\/api.w.org\/{rel}","templated":true}]}}