{"id":518,"date":"2026-02-23T10:03:23","date_gmt":"2026-02-23T10:03:23","guid":{"rendered":"https:\/\/olavuon.com\/home\/?page_id=518"},"modified":"2026-02-23T17:56:31","modified_gmt":"2026-02-23T17:56:31","slug":"tra-tia-to-kem-long-nhan","status":"publish","type":"page","link":"https:\/\/olavuon.com\/home\/catalog\/tra-tia-to-kem-long-nhan\/","title":{"rendered":"Tr\u00e0 t\u00eda t\u00f4 (k\u00e8m long nh\u00e3n)"},"content":{"rendered":"<div class=\"wp-block-uagb-container uagb-block-3ba97cbf alignfull uagb-is-root-container\"><div class=\"uagb-container-inner-blocks-wrap\"><div class=\"wp-block-uagb-container uagb-block-d00a78ff\"><figure class=\"wp-block-image size-large has-custom-border\" style=\"margin-top:0;margin-right:0;margin-bottom:0;margin-left:0\"><img loading=\"lazy\" decoding=\"async\" width=\"768\" height=\"1024\" src=\"https:\/\/olavuon.com\/wp-content\/uploads\/2026\/02\/z5958722291994_6e97629c2cb6a092a78531cc75fbdfe5-768x1024.jpg\" alt=\"\" class=\"wp-image-603\" style=\"border-style:none;border-width:0px;border-top-left-radius:20px;border-top-right-radius:20px;border-bottom-left-radius:20px;border-bottom-right-radius:20px;aspect-ratio:1;object-fit:cover\" srcset=\"https:\/\/olavuon.com\/wp-content\/uploads\/2026\/02\/z5958722291994_6e97629c2cb6a092a78531cc75fbdfe5-768x1024.jpg 768w, https:\/\/olavuon.com\/wp-content\/uploads\/2026\/02\/z5958722291994_6e97629c2cb6a092a78531cc75fbdfe5-225x300.jpg 225w, https:\/\/olavuon.com\/wp-content\/uploads\/2026\/02\/z5958722291994_6e97629c2cb6a092a78531cc75fbdfe5-1152x1536.jpg 1152w, https:\/\/olavuon.com\/wp-content\/uploads\/2026\/02\/z5958722291994_6e97629c2cb6a092a78531cc75fbdfe5-1536x2048.jpg 1536w, https:\/\/olavuon.com\/wp-content\/uploads\/2026\/02\/z5958722291994_6e97629c2cb6a092a78531cc75fbdfe5-1320x1760.jpg 1320w, https:\/\/olavuon.com\/wp-content\/uploads\/2026\/02\/z5958722291994_6e97629c2cb6a092a78531cc75fbdfe5-600x800.jpg 600w, https:\/\/olavuon.com\/wp-content\/uploads\/2026\/02\/z5958722291994_6e97629c2cb6a092a78531cc75fbdfe5.jpg 1920w\" sizes=\"auto, (max-width: 768px) 100vw, 768px\" \/><\/figure><\/div>\n\n<div class=\"wp-block-uagb-container uagb-block-ed8f72e5\"><h2 class=\"wp-block-heading has-primary-color has-text-color has-link-color has-svn-sunshine-font-family wp-elements-1f5050b72fb10fe0645a7276c8b7b7a9\" style=\"margin-top:0;margin-right:0;margin-bottom:0;margin-left:0;padding-top:0;padding-right:0;padding-bottom:0;padding-left:0;font-size:52px\">Tr\u00e0 t\u00eda t\u00f4 (k\u00e8m long nh\u00e3n)<\/h2>\n\n<p style=\"margin-top:0;margin-bottom:0\"><strong>Th\u00e0nh ph\u1ea7n<\/strong>: L\u00e1 t\u00eda t\u00f4 ph\u01a1i \u00e2m can &#8211; l\u00ean men &#8211; sao ch\u1ea3o gang l\u1ea5y h\u01b0\u01a1ng<br><strong>C\u00f4ng d\u1ee5ng<\/strong>: Tr\u1ee5c h\u00e0n kh\u00ed; gi\u1ea3i c\u1ea3m-s\u1ed1t-ho; l\u01b0u th\u00f4ng kh\u00ed huy\u1ebft; gi\u00fap ti\u00eau h\u00f3a t\u1ed1t; t\u1ed1t cho ng\u01b0\u1eddi tr\u00e0o ng\u01b0\u1ee3c d\u1ea1 d\u00e0y, m\u1ee1 m\u00e1u, gout.<br><strong>C\u00e1ch d\u00f9ng<\/strong>: H\u00e3m v\u1edbi n\u01b0\u1edbc s\u00f4i, ch\u1eaft n\u01b0\u1edbc u\u1ed1ng. H\u00e3m c\u00f9ng long nh\u00e3n t\u00f9y kh\u1ea9u v\u1ecb.<\/p>\n\n<h2 class=\"wp-block-heading has-primary-color has-text-color has-link-color has-big-shoulders-font-family wp-elements-7f83da34455dc9d1ef9511336683953c\" style=\"margin-top:0;margin-right:0;margin-bottom:0;margin-left:0;padding-top:var(--wp--preset--spacing--xxx-small);padding-right:0;padding-bottom:var(--wp--preset--spacing--xxx-small);padding-left:0;font-size:30px;font-style:normal;font-weight:300\">150gr\/200.000\u0111<\/h2><\/div><\/div><\/div>","protected":false},"excerpt":{"rendered":"","protected":false},"author":1,"featured_media":0,"parent":220,"menu_order":0,"comment_status":"closed","ping_status":"closed","template":"catalog-single-product","meta":{"inline_featured_image":false,"_uag_custom_page_level_css":"","_swt_meta_header_display":false,"_swt_meta_footer_display":false,"_swt_meta_site_title_display":false,"_swt_meta_sticky_header":false,"_swt_meta_transparent_header":false,"footnotes":""},"class_list":["post-518","page","type-page","status-publish","hentry"],"yoast_head":"<!-- This site is optimized with the Yoast SEO plugin v23.6 - https:\/\/yoast.com\/wordpress\/plugins\/seo\/ -->\n<title>Tr\u00e0 t\u00eda t\u00f4 (k\u00e8m long nh\u00e3n) - Olavuon<\/title>\n<meta name=\"robots\" content=\"index, follow, max-snippet:-1, max-image-preview:large, max-video-preview:-1\" \/>\n<link rel=\"canonical\" href=\"https:\/\/olavuon.com\/home\/catalog\/tra-tia-to-kem-long-nhan\/\" \/>\n<meta property=\"og:locale\" content=\"vi_VN\" \/>\n<meta property=\"og:type\" content=\"article\" \/>\n<meta property=\"og:title\" content=\"Tr\u00e0 t\u00eda t\u00f4 (k\u00e8m long nh\u00e3n) - Olavuon\" \/>\n<meta property=\"og:url\" content=\"https:\/\/olavuon.com\/home\/catalog\/tra-tia-to-kem-long-nhan\/\" \/>\n<meta property=\"og:site_name\" content=\"Olavuon\" \/>\n<meta property=\"article:modified_time\" content=\"2026-02-23T17:56:31+00:00\" \/>\n<meta name=\"twitter:card\" content=\"summary_large_image\" \/>\n<script type=\"application\/ld+json\" class=\"yoast-schema-graph\">{\"@context\":\"https:\/\/schema.org\",\"@graph\":[{\"@type\":\"WebPage\",\"@id\":\"https:\/\/olavuon.com\/home\/catalog\/tra-tia-to-kem-long-nhan\/\",\"url\":\"https:\/\/olavuon.com\/home\/catalog\/tra-tia-to-kem-long-nhan\/\",\"name\":\"Tr\u00e0 t\u00eda t\u00f4 (k\u00e8m long nh\u00e3n) - Olavuon\",\"isPartOf\":{\"@id\":\"https:\/\/olavuon.com\/home\/#website\"},\"datePublished\":\"2026-02-23T10:03:23+00:00\",\"dateModified\":\"2026-02-23T17:56:31+00:00\",\"breadcrumb\":{\"@id\":\"https:\/\/olavuon.com\/home\/catalog\/tra-tia-to-kem-long-nhan\/#breadcrumb\"},\"inLanguage\":\"vi\",\"potentialAction\":[{\"@type\":\"ReadAction\",\"target\":[\"https:\/\/olavuon.com\/home\/catalog\/tra-tia-to-kem-long-nhan\/\"]}]},{\"@type\":\"BreadcrumbList\",\"@id\":\"https:\/\/olavuon.com\/home\/catalog\/tra-tia-to-kem-long-nhan\/#breadcrumb\",\"itemListElement\":[{\"@type\":\"ListItem\",\"position\":1,\"name\":\"Home\",\"item\":\"https:\/\/olavuon.com\/home\/\"},{\"@type\":\"ListItem\",\"position\":2,\"name\":\"Catalog\",\"item\":\"https:\/\/olavuon.com\/home\/\"},{\"@type\":\"ListItem\",\"position\":3,\"name\":\"Tr\u00e0 t\u00eda t\u00f4 (k\u00e8m long nh\u00e3n)\"}]},{\"@type\":\"WebSite\",\"@id\":\"https:\/\/olavuon.com\/home\/#website\",\"url\":\"https:\/\/olavuon.com\/home\/\",\"name\":\"Olavuon\",\"description\":\"V\u01b0\u1eddn thu\u1ed1c\",\"publisher\":{\"@id\":\"https:\/\/olavuon.com\/home\/#organization\"},\"potentialAction\":[{\"@type\":\"SearchAction\",\"target\":{\"@type\":\"EntryPoint\",\"urlTemplate\":\"https:\/\/olavuon.com\/home\/?s={search_term_string}\"},\"query-input\":{\"@type\":\"PropertyValueSpecification\",\"valueRequired\":true,\"valueName\":\"search_term_string\"}}],\"inLanguage\":\"vi\"},{\"@type\":\"Organization\",\"@id\":\"https:\/\/olavuon.com\/home\/#organization\",\"name\":\"Olavuon\",\"url\":\"https:\/\/olavuon.com\/home\/\",\"logo\":{\"@type\":\"ImageObject\",\"inLanguage\":\"vi\",\"@id\":\"https:\/\/olavuon.com\/home\/#\/schema\/logo\/image\/\",\"url\":\"https:\/\/olavuon.com\/wp-content\/uploads\/2024\/10\/logo-1.svg\",\"contentUrl\":\"https:\/\/olavuon.com\/wp-content\/uploads\/2024\/10\/logo-1.svg\",\"caption\":\"Olavuon\"},\"image\":{\"@id\":\"https:\/\/olavuon.com\/home\/#\/schema\/logo\/image\/\"}}]}<\/script>\n<!-- \/ Yoast SEO plugin. -->","yoast_head_json":{"title":"Tr\u00e0 t\u00eda t\u00f4 (k\u00e8m long nh\u00e3n) - Olavuon","robots":{"index":"index","follow":"follow","max-snippet":"max-snippet:-1","max-image-preview":"max-image-preview:large","max-video-preview":"max-video-preview:-1"},"canonical":"https:\/\/olavuon.com\/home\/catalog\/tra-tia-to-kem-long-nhan\/","og_locale":"vi_VN","og_type":"article","og_title":"Tr\u00e0 t\u00eda t\u00f4 (k\u00e8m long nh\u00e3n) - Olavuon","og_url":"https:\/\/olavuon.com\/home\/catalog\/tra-tia-to-kem-long-nhan\/","og_site_name":"Olavuon","article_modified_time":"2026-02-23T17:56:31+00:00","twitter_card":"summary_large_image","schema":{"@context":"https:\/\/schema.org","@graph":[{"@type":"WebPage","@id":"https:\/\/olavuon.com\/home\/catalog\/tra-tia-to-kem-long-nhan\/","url":"https:\/\/olavuon.com\/home\/catalog\/tra-tia-to-kem-long-nhan\/","name":"Tr\u00e0 t\u00eda t\u00f4 (k\u00e8m long nh\u00e3n) - Olavuon","isPartOf":{"@id":"https:\/\/olavuon.com\/home\/#website"},"datePublished":"2026-02-23T10:03:23+00:00","dateModified":"2026-02-23T17:56:31+00:00","breadcrumb":{"@id":"https:\/\/olavuon.com\/home\/catalog\/tra-tia-to-kem-long-nhan\/#breadcrumb"},"inLanguage":"vi","potentialAction":[{"@type":"ReadAction","target":["https:\/\/olavuon.com\/home\/catalog\/tra-tia-to-kem-long-nhan\/"]}]},{"@type":"BreadcrumbList","@id":"https:\/\/olavuon.com\/home\/catalog\/tra-tia-to-kem-long-nhan\/#breadcrumb","itemListElement":[{"@type":"ListItem","position":1,"name":"Home","item":"https:\/\/olavuon.com\/home\/"},{"@type":"ListItem","position":2,"name":"Catalog","item":"https:\/\/olavuon.com\/home\/"},{"@type":"ListItem","position":3,"name":"Tr\u00e0 t\u00eda t\u00f4 (k\u00e8m long nh\u00e3n)"}]},{"@type":"WebSite","@id":"https:\/\/olavuon.com\/home\/#website","url":"https:\/\/olavuon.com\/home\/","name":"Olavuon","description":"V\u01b0\u1eddn thu\u1ed1c","publisher":{"@id":"https:\/\/olavuon.com\/home\/#organization"},"potentialAction":[{"@type":"SearchAction","target":{"@type":"EntryPoint","urlTemplate":"https:\/\/olavuon.com\/home\/?s={search_term_string}"},"query-input":{"@type":"PropertyValueSpecification","valueRequired":true,"valueName":"search_term_string"}}],"inLanguage":"vi"},{"@type":"Organization","@id":"https:\/\/olavuon.com\/home\/#organization","name":"Olavuon","url":"https:\/\/olavuon.com\/home\/","logo":{"@type":"ImageObject","inLanguage":"vi","@id":"https:\/\/olavuon.com\/home\/#\/schema\/logo\/image\/","url":"https:\/\/olavuon.com\/wp-content\/uploads\/2024\/10\/logo-1.svg","contentUrl":"https:\/\/olavuon.com\/wp-content\/uploads\/2024\/10\/logo-1.svg","caption":"Olavuon"},"image":{"@id":"https:\/\/olavuon.com\/home\/#\/schema\/logo\/image\/"}}]}},"uagb_featured_image_src":{"full":false,"thumbnail":false,"medium":false,"medium_large":false,"large":false,"1536x1536":false,"2048x2048":false,"mailpoet_newsletter_max":false,"woocommerce_thumbnail":false,"woocommerce_single":false,"woocommerce_gallery_thumbnail":false},"uagb_author_info":{"display_name":"dohoang_olavuon","author_link":"https:\/\/olavuon.com\/home\/author\/dohoang_olavuon\/"},"uagb_comment_info":0,"uagb_excerpt":null,"_links":{"self":[{"href":"https:\/\/olavuon.com\/home\/wp-json\/wp\/v2\/pages\/518","targetHints":{"allow":["GET"]}}],"collection":[{"href":"https:\/\/olavuon.com\/home\/wp-json\/wp\/v2\/pages"}],"about":[{"href":"https:\/\/olavuon.com\/home\/wp-json\/wp\/v2\/types\/page"}],"author":[{"embeddable":true,"href":"https:\/\/olavuon.com\/home\/wp-json\/wp\/v2\/users\/1"}],"replies":[{"embeddable":true,"href":"https:\/\/olavuon.com\/home\/wp-json\/wp\/v2\/comments?post=518"}],"version-history":[{"count":3,"href":"https:\/\/olavuon.com\/home\/wp-json\/wp\/v2\/pages\/518\/revisions"}],"predecessor-version":[{"id":606,"href":"https:\/\/olavuon.com\/home\/wp-json\/wp\/v2\/pages\/518\/revisions\/606"}],"up":[{"embeddable":true,"href":"https:\/\/olavuon.com\/home\/wp-json\/wp\/v2\/pages\/220"}],"wp:attachment":[{"href":"https:\/\/olavuon.com\/home\/wp-json\/wp\/v2\/media?parent=518"}],"curies":[{"name":"wp","href":"https:\/\/api.w.org\/{rel}","templated":true}]}}