{"id":508,"date":"2026-02-23T09:34:05","date_gmt":"2026-02-23T09:34:05","guid":{"rendered":"https:\/\/olavuon.com\/home\/?page_id=508"},"modified":"2026-02-23T09:34:07","modified_gmt":"2026-02-23T09:34:07","slug":"cao-gan","status":"publish","type":"page","link":"https:\/\/olavuon.com\/home\/catalog\/cao-gan\/","title":{"rendered":"Cao Gan"},"content":{"rendered":"<div class=\"wp-block-uagb-container uagb-block-3ba97cbf alignfull uagb-is-root-container\"><div class=\"uagb-container-inner-blocks-wrap\"><div class=\"wp-block-uagb-container uagb-block-d00a78ff\"><figure class=\"wp-block-image size-large has-custom-border\" style=\"margin-top:0;margin-right:0;margin-bottom:0;margin-left:0\"><img loading=\"lazy\" decoding=\"async\" width=\"1024\" height=\"1024\" src=\"https:\/\/olavuon.com\/wp-content\/uploads\/2026\/02\/Olavuon-logo-1024x1024.png\" alt=\"\" class=\"wp-image-565\" style=\"border-style:none;border-width:0px;border-top-left-radius:20px;border-top-right-radius:20px;border-bottom-left-radius:20px;border-bottom-right-radius:20px;aspect-ratio:1;object-fit:cover\" srcset=\"https:\/\/olavuon.com\/wp-content\/uploads\/2026\/02\/Olavuon-logo-1024x1024.png 1024w, https:\/\/olavuon.com\/wp-content\/uploads\/2026\/02\/Olavuon-logo-300x300.png 300w, https:\/\/olavuon.com\/wp-content\/uploads\/2026\/02\/Olavuon-logo-150x150.png 150w, https:\/\/olavuon.com\/wp-content\/uploads\/2026\/02\/Olavuon-logo-768x768.png 768w, https:\/\/olavuon.com\/wp-content\/uploads\/2026\/02\/Olavuon-logo-1536x1536.png 1536w, https:\/\/olavuon.com\/wp-content\/uploads\/2026\/02\/Olavuon-logo-1320x1321.png 1320w, https:\/\/olavuon.com\/wp-content\/uploads\/2026\/02\/Olavuon-logo-600x600.png 600w, https:\/\/olavuon.com\/wp-content\/uploads\/2026\/02\/Olavuon-logo-100x100.png 100w, https:\/\/olavuon.com\/wp-content\/uploads\/2026\/02\/Olavuon-logo.png 2001w\" sizes=\"auto, (max-width: 1024px) 100vw, 1024px\" \/><\/figure><\/div>\n\n<div class=\"wp-block-uagb-container uagb-block-ed8f72e5\"><h2 class=\"wp-block-heading has-primary-color has-text-color has-link-color has-svn-sunshine-font-family wp-elements-1f5050b72fb10fe0645a7276c8b7b7a9\" style=\"margin-top:0;margin-right:0;margin-bottom:0;margin-left:0;padding-top:0;padding-right:0;padding-bottom:0;padding-left:0;font-size:52px\">Cao Gan<\/h2>\n\n<p style=\"margin-top:0;margin-bottom:0\"><strong>Th\u00e0nh ph\u1ea7n<\/strong>: X\u1ea1 v\u00e0ng, x\u1ea1 \u0111en, b\u00e0n tay ma, \u0111\u01a1n nem, k\u00ea huy\u1ebft \u0111\u1eb1ng, c\u00e2y m\u1eadt g\u1ea5u, t\u1ea7m g\u1eedi g\u1ea1o, t\u1ea7m g\u1eedi sung, t\u1ea7m g\u1eedi kh\u1ebf chua.<br><strong>C\u00f4ng d\u1ee5ng<\/strong>: M\u00e1t gan, m\u00e1t m\u00e1u, b\u1ed5 t\u1ef3 v\u1ecb, t\u0103ng c\u01b0\u1eddng ch\u1ee9c n\u0103ng th\u1ea3i \u0111\u1ed9c c\u1ee7a Gan. D\u00f9ng t\u1ed1t trong tr\u01b0\u1eddng h\u1ee3p v\u00e0ng da, vi\u00eam gan, x\u01a1 gan, ng\u01b0\u1eddi m\u1eaft m\u1edd m\u1ecfi, g\u00e2n c\u01a1 hay \u0111au m\u1ecfi, ng\u01b0\u1eddi th\u01b0\u1eddng xuy\u00ean r\u01b0\u1ee3u bia, b\u1ec7nh nh\u00e2n sau ho\u00e1-x\u1ea1 tr\u1ecb, ng\u01b0\u1eddi b\u1ec7nh ph\u1ea3i s\u1eed d\u1ee5ng kh\u00e1ng sinh- thu\u1ed1c \u0111i\u1ec1u tr\u1ecb lao- thu\u1ed1c \u0111i\u1ec1u tr\u1ecb d\u1ea1 d\u00e0y\u2026<br><strong>C\u00e1ch d\u00f9ng<\/strong>: L\u1ea5y 1 th\u00eca (kho\u1ea3ng 3gr) cao c\u00f4 \u0111\u1eb7c pha v\u1edbi kho\u1ea3ng 200ml n\u01b0\u1edbc s\u00f4i u\u1ed1ng sau m\u1ed7i b\u1eefa \u0103n 30 ph\u00fat. Ho\u1eb7c pha kho\u1ea3ng 10gr cao c\u00f4 \u0111\u1eb7c v\u1edbi kho\u1ea3ng 1000ml n\u01b0\u1edbc s\u00f4i trong b\u00ecnh gi\u1eef nhi\u1ec7t u\u1ed1ng trong ng\u00e0y thay n\u01b0\u1edbc l\u1ecdc. <br>B\u1ea3o qu\u1ea3n n\u01a1i kh\u00f4 tho\u00e1ng.<\/p>\n\n<h2 class=\"wp-block-heading has-primary-color has-text-color has-link-color has-big-shoulders-font-family wp-elements-7f83da34455dc9d1ef9511336683953c\" style=\"margin-top:0;margin-right:0;margin-bottom:0;margin-left:0;padding-top:var(--wp--preset--spacing--xxx-small);padding-right:0;padding-bottom:var(--wp--preset--spacing--xxx-small);padding-left:0;font-size:30px;font-style:normal;font-weight:300\">150gr\/800.000\u0111 &#8211; 300gr\/1.500.000\u0111<\/h2><\/div><\/div><\/div>","protected":false},"excerpt":{"rendered":"","protected":false},"author":1,"featured_media":0,"parent":220,"menu_order":0,"comment_status":"closed","ping_status":"closed","template":"catalog-single-product","meta":{"inline_featured_image":false,"_uag_custom_page_level_css":"","_swt_meta_header_display":false,"_swt_meta_footer_display":false,"_swt_meta_site_title_display":false,"_swt_meta_sticky_header":false,"_swt_meta_transparent_header":false,"footnotes":""},"class_list":["post-508","page","type-page","status-publish","hentry"],"yoast_head":"<!-- This site is optimized with the Yoast SEO plugin v23.6 - https:\/\/yoast.com\/wordpress\/plugins\/seo\/ -->\n<title>Cao Gan - Olavuon<\/title>\n<meta name=\"robots\" content=\"index, follow, max-snippet:-1, max-image-preview:large, max-video-preview:-1\" \/>\n<link rel=\"canonical\" href=\"https:\/\/olavuon.com\/home\/catalog\/cao-gan\/\" \/>\n<meta property=\"og:locale\" content=\"vi_VN\" \/>\n<meta property=\"og:type\" content=\"article\" \/>\n<meta property=\"og:title\" content=\"Cao Gan - Olavuon\" \/>\n<meta property=\"og:url\" content=\"https:\/\/olavuon.com\/home\/catalog\/cao-gan\/\" \/>\n<meta property=\"og:site_name\" content=\"Olavuon\" \/>\n<meta property=\"article:modified_time\" content=\"2026-02-23T09:34:07+00:00\" \/>\n<meta name=\"twitter:card\" content=\"summary_large_image\" \/>\n<script type=\"application\/ld+json\" class=\"yoast-schema-graph\">{\"@context\":\"https:\/\/schema.org\",\"@graph\":[{\"@type\":\"WebPage\",\"@id\":\"https:\/\/olavuon.com\/home\/catalog\/cao-gan\/\",\"url\":\"https:\/\/olavuon.com\/home\/catalog\/cao-gan\/\",\"name\":\"Cao Gan - Olavuon\",\"isPartOf\":{\"@id\":\"https:\/\/olavuon.com\/home\/#website\"},\"datePublished\":\"2026-02-23T09:34:05+00:00\",\"dateModified\":\"2026-02-23T09:34:07+00:00\",\"breadcrumb\":{\"@id\":\"https:\/\/olavuon.com\/home\/catalog\/cao-gan\/#breadcrumb\"},\"inLanguage\":\"vi\",\"potentialAction\":[{\"@type\":\"ReadAction\",\"target\":[\"https:\/\/olavuon.com\/home\/catalog\/cao-gan\/\"]}]},{\"@type\":\"BreadcrumbList\",\"@id\":\"https:\/\/olavuon.com\/home\/catalog\/cao-gan\/#breadcrumb\",\"itemListElement\":[{\"@type\":\"ListItem\",\"position\":1,\"name\":\"Home\",\"item\":\"https:\/\/olavuon.com\/home\/\"},{\"@type\":\"ListItem\",\"position\":2,\"name\":\"Catalog\",\"item\":\"https:\/\/olavuon.com\/home\/\"},{\"@type\":\"ListItem\",\"position\":3,\"name\":\"Cao Gan\"}]},{\"@type\":\"WebSite\",\"@id\":\"https:\/\/olavuon.com\/home\/#website\",\"url\":\"https:\/\/olavuon.com\/home\/\",\"name\":\"Olavuon\",\"description\":\"V\u01b0\u1eddn thu\u1ed1c\",\"publisher\":{\"@id\":\"https:\/\/olavuon.com\/home\/#organization\"},\"potentialAction\":[{\"@type\":\"SearchAction\",\"target\":{\"@type\":\"EntryPoint\",\"urlTemplate\":\"https:\/\/olavuon.com\/home\/?s={search_term_string}\"},\"query-input\":{\"@type\":\"PropertyValueSpecification\",\"valueRequired\":true,\"valueName\":\"search_term_string\"}}],\"inLanguage\":\"vi\"},{\"@type\":\"Organization\",\"@id\":\"https:\/\/olavuon.com\/home\/#organization\",\"name\":\"Olavuon\",\"url\":\"https:\/\/olavuon.com\/home\/\",\"logo\":{\"@type\":\"ImageObject\",\"inLanguage\":\"vi\",\"@id\":\"https:\/\/olavuon.com\/home\/#\/schema\/logo\/image\/\",\"url\":\"https:\/\/olavuon.com\/wp-content\/uploads\/2024\/10\/logo-1.svg\",\"contentUrl\":\"https:\/\/olavuon.com\/wp-content\/uploads\/2024\/10\/logo-1.svg\",\"caption\":\"Olavuon\"},\"image\":{\"@id\":\"https:\/\/olavuon.com\/home\/#\/schema\/logo\/image\/\"}}]}<\/script>\n<!-- \/ Yoast SEO plugin. -->","yoast_head_json":{"title":"Cao Gan - Olavuon","robots":{"index":"index","follow":"follow","max-snippet":"max-snippet:-1","max-image-preview":"max-image-preview:large","max-video-preview":"max-video-preview:-1"},"canonical":"https:\/\/olavuon.com\/home\/catalog\/cao-gan\/","og_locale":"vi_VN","og_type":"article","og_title":"Cao Gan - Olavuon","og_url":"https:\/\/olavuon.com\/home\/catalog\/cao-gan\/","og_site_name":"Olavuon","article_modified_time":"2026-02-23T09:34:07+00:00","twitter_card":"summary_large_image","schema":{"@context":"https:\/\/schema.org","@graph":[{"@type":"WebPage","@id":"https:\/\/olavuon.com\/home\/catalog\/cao-gan\/","url":"https:\/\/olavuon.com\/home\/catalog\/cao-gan\/","name":"Cao Gan - Olavuon","isPartOf":{"@id":"https:\/\/olavuon.com\/home\/#website"},"datePublished":"2026-02-23T09:34:05+00:00","dateModified":"2026-02-23T09:34:07+00:00","breadcrumb":{"@id":"https:\/\/olavuon.com\/home\/catalog\/cao-gan\/#breadcrumb"},"inLanguage":"vi","potentialAction":[{"@type":"ReadAction","target":["https:\/\/olavuon.com\/home\/catalog\/cao-gan\/"]}]},{"@type":"BreadcrumbList","@id":"https:\/\/olavuon.com\/home\/catalog\/cao-gan\/#breadcrumb","itemListElement":[{"@type":"ListItem","position":1,"name":"Home","item":"https:\/\/olavuon.com\/home\/"},{"@type":"ListItem","position":2,"name":"Catalog","item":"https:\/\/olavuon.com\/home\/"},{"@type":"ListItem","position":3,"name":"Cao Gan"}]},{"@type":"WebSite","@id":"https:\/\/olavuon.com\/home\/#website","url":"https:\/\/olavuon.com\/home\/","name":"Olavuon","description":"V\u01b0\u1eddn thu\u1ed1c","publisher":{"@id":"https:\/\/olavuon.com\/home\/#organization"},"potentialAction":[{"@type":"SearchAction","target":{"@type":"EntryPoint","urlTemplate":"https:\/\/olavuon.com\/home\/?s={search_term_string}"},"query-input":{"@type":"PropertyValueSpecification","valueRequired":true,"valueName":"search_term_string"}}],"inLanguage":"vi"},{"@type":"Organization","@id":"https:\/\/olavuon.com\/home\/#organization","name":"Olavuon","url":"https:\/\/olavuon.com\/home\/","logo":{"@type":"ImageObject","inLanguage":"vi","@id":"https:\/\/olavuon.com\/home\/#\/schema\/logo\/image\/","url":"https:\/\/olavuon.com\/wp-content\/uploads\/2024\/10\/logo-1.svg","contentUrl":"https:\/\/olavuon.com\/wp-content\/uploads\/2024\/10\/logo-1.svg","caption":"Olavuon"},"image":{"@id":"https:\/\/olavuon.com\/home\/#\/schema\/logo\/image\/"}}]}},"uagb_featured_image_src":{"full":false,"thumbnail":false,"medium":false,"medium_large":false,"large":false,"1536x1536":false,"2048x2048":false,"mailpoet_newsletter_max":false,"woocommerce_thumbnail":false,"woocommerce_single":false,"woocommerce_gallery_thumbnail":false},"uagb_author_info":{"display_name":"dohoang_olavuon","author_link":"https:\/\/olavuon.com\/home\/author\/dohoang_olavuon\/"},"uagb_comment_info":0,"uagb_excerpt":null,"_links":{"self":[{"href":"https:\/\/olavuon.com\/home\/wp-json\/wp\/v2\/pages\/508","targetHints":{"allow":["GET"]}}],"collection":[{"href":"https:\/\/olavuon.com\/home\/wp-json\/wp\/v2\/pages"}],"about":[{"href":"https:\/\/olavuon.com\/home\/wp-json\/wp\/v2\/types\/page"}],"author":[{"embeddable":true,"href":"https:\/\/olavuon.com\/home\/wp-json\/wp\/v2\/users\/1"}],"replies":[{"embeddable":true,"href":"https:\/\/olavuon.com\/home\/wp-json\/wp\/v2\/comments?post=508"}],"version-history":[{"count":2,"href":"https:\/\/olavuon.com\/home\/wp-json\/wp\/v2\/pages\/508\/revisions"}],"predecessor-version":[{"id":510,"href":"https:\/\/olavuon.com\/home\/wp-json\/wp\/v2\/pages\/508\/revisions\/510"}],"up":[{"embeddable":true,"href":"https:\/\/olavuon.com\/home\/wp-json\/wp\/v2\/pages\/220"}],"wp:attachment":[{"href":"https:\/\/olavuon.com\/home\/wp-json\/wp\/v2\/media?parent=508"}],"curies":[{"name":"wp","href":"https:\/\/api.w.org\/{rel}","templated":true}]}}