{"id":505,"date":"2026-02-23T09:25:52","date_gmt":"2026-02-23T09:25:52","guid":{"rendered":"https:\/\/olavuon.com\/home\/?page_id=505"},"modified":"2026-02-23T17:53:07","modified_gmt":"2026-02-23T17:53:07","slug":"cao-ha-thu-o","status":"publish","type":"page","link":"https:\/\/olavuon.com\/home\/catalog\/cao-ha-thu-o\/","title":{"rendered":"Cao h\u00e0 th\u1ee7 \u00f4"},"content":{"rendered":"<div class=\"wp-block-uagb-container uagb-block-3ba97cbf alignfull uagb-is-root-container\"><div class=\"uagb-container-inner-blocks-wrap\"><div class=\"wp-block-uagb-container uagb-block-d00a78ff\"><figure class=\"wp-block-image size-large has-custom-border\" style=\"margin-top:0;margin-right:0;margin-bottom:0;margin-left:0\"><img loading=\"lazy\" decoding=\"async\" width=\"768\" height=\"1024\" src=\"https:\/\/olavuon.com\/wp-content\/uploads\/2026\/02\/z4558646752071_096_14237f3fbbf122d9a7522dcf9af4928f-768x1024.jpg\" alt=\"\" class=\"wp-image-600\" style=\"border-style:none;border-width:0px;border-top-left-radius:20px;border-top-right-radius:20px;border-bottom-left-radius:20px;border-bottom-right-radius:20px;aspect-ratio:1;object-fit:cover\" srcset=\"https:\/\/olavuon.com\/wp-content\/uploads\/2026\/02\/z4558646752071_096_14237f3fbbf122d9a7522dcf9af4928f-768x1024.jpg 768w, https:\/\/olavuon.com\/wp-content\/uploads\/2026\/02\/z4558646752071_096_14237f3fbbf122d9a7522dcf9af4928f-225x300.jpg 225w, https:\/\/olavuon.com\/wp-content\/uploads\/2026\/02\/z4558646752071_096_14237f3fbbf122d9a7522dcf9af4928f-1152x1536.jpg 1152w, https:\/\/olavuon.com\/wp-content\/uploads\/2026\/02\/z4558646752071_096_14237f3fbbf122d9a7522dcf9af4928f-1536x2048.jpg 1536w, https:\/\/olavuon.com\/wp-content\/uploads\/2026\/02\/z4558646752071_096_14237f3fbbf122d9a7522dcf9af4928f-1320x1760.jpg 1320w, https:\/\/olavuon.com\/wp-content\/uploads\/2026\/02\/z4558646752071_096_14237f3fbbf122d9a7522dcf9af4928f-600x800.jpg 600w, https:\/\/olavuon.com\/wp-content\/uploads\/2026\/02\/z4558646752071_096_14237f3fbbf122d9a7522dcf9af4928f.jpg 1920w\" sizes=\"auto, (max-width: 768px) 100vw, 768px\" \/><\/figure><\/div>\n\n<div class=\"wp-block-uagb-container uagb-block-ed8f72e5\"><h2 class=\"wp-block-heading has-primary-color has-text-color has-link-color has-svn-sunshine-font-family wp-elements-1f5050b72fb10fe0645a7276c8b7b7a9\" style=\"margin-top:0;margin-right:0;margin-bottom:0;margin-left:0;padding-top:0;padding-right:0;padding-bottom:0;padding-left:0;font-size:52px\">Cao h\u00e0 th\u1ee7 \u00f4<\/h2>\n\n<p style=\"margin-top:0;margin-bottom:0\"><em>&#8220;Mu\u1ed1n cho xanh t\u00f3c \u0111\u1ecf da, R\u1ee7 nhau l\u00ean n\u00fai t\u00ecm H\u00e0 th\u1ee7 \u00f4&#8221;. <\/em><br>H\u0169 Cao h\u00e0 th\u1ee7 \u00f4 n\u00e0y ph\u00e1t tri\u1ec3n t\u1eeb b\u00e0i thu\u1ed1c c\u1ed5 ph\u01b0\u01a1ng H\u00e0 th\u1ee7 \u00f4 c\u1eedu ch\u01b0ng c\u1eedu s\u00e1i v\u1edbi \u0111\u1ed7 \u0111en r\u1ed3i c\u00f4 luy\u1ec7n l\u1ea5y tinh ch\u1ea5t c\u00f9ng v\u1edbi c\u00e2y thu\u1ed1c huy\u1ebft \u0111\u1eb1ng. H\u00e0 th\u1ee7 \u00f4 \u0111\u01b0\u1ee3c thu h\u00e1i trong t\u1ef1 nhi\u00ean v\u00f9ng n\u00fai \u0111\u00e1.<br><strong>Th\u00e0nh ph\u1ea7n<\/strong>: H\u00e0 th\u1ee7 \u00f4 \u0111\u1ecf ch\u1ebf v\u1edbi \u0111\u1ed7 \u0111en, huy\u1ebft \u0111\u1eb1ng (c\u1ecf m\u00e1u), m\u1eadt m\u00eda, m\u1eadt ong.<br><strong>C\u00f4ng d\u1ee5ng<\/strong>: B\u1ed5 m\u00e1u, \u0111en t\u00f3c, \u0111\u1ecf da, m\u1ea1nh g\u00e2n c\u1ed1t. C\u1ea3i thi\u1ec7n t\u00ecnh tr\u1ea1ng r\u1ee5ng t\u00f3c v\u00e0 b\u1ea1c t\u00f3c s\u1edbm, t\u0103ng c\u01b0\u1eddng s\u1ee9c kh\u1ecfe h\u1ec7 th\u1ea7n kinh.<br><strong>C\u00e1ch d\u00f9ng<\/strong>: M\u1ed7i l\u1ea7n d\u00f9ng 3-5g (kho\u1ea3ng 1 th\u00eca c\u00e0 ph\u00ea), ng\u00e0y d\u00f9ng 2-3 l\u1ea7n tr\u01b0\u1edbc ho\u1eb7c sau \u0103n 30p. C\u00f3 th\u1ec3 d\u00f9ng \u0103n tr\u1ef1c ti\u1ebfp ho\u1eb7c pha c\u00f9ng 100-150ml n\u01b0\u1edbc \u1ea5m n\u00f3ng, ho\u1eb7c 15-20ml (1 ly nh\u1ecf) r\u01b0\u1ee3u \u0111\u1ec3 u\u1ed1ng.<br><strong>B\u1ea3o qu\u1ea3n<\/strong>: S\u1ea3n ph\u1ea9m \u0111\u01b0\u1ee3c b\u1ea3o qu\u1ea3n t\u1ef1 nhi\u00ean b\u1eb1ng m\u1eadt m\u00eda v\u00e0 m\u1eadt ong.<br>B\u1ea3o qu\u1ea3n 12 th\u00e1ng trong ng\u0103n m\u00e1t t\u1ee7 l\u1ea1nh, 6 th\u00e1ng \u1edf nhi\u1ec7t \u0111\u1ed9 ph\u00f2ng kh\u00f4 tho\u00e1ng.<\/p>\n\n<h2 class=\"wp-block-heading has-primary-color has-text-color has-link-color has-big-shoulders-font-family wp-elements-7f83da34455dc9d1ef9511336683953c\" style=\"margin-top:0;margin-right:0;margin-bottom:0;margin-left:0;padding-top:var(--wp--preset--spacing--xxx-small);padding-right:0;padding-bottom:var(--wp--preset--spacing--xxx-small);padding-left:0;font-size:30px;font-style:normal;font-weight:300\">150gr\/680.000\u0111<\/h2><\/div><\/div><\/div>","protected":false},"excerpt":{"rendered":"","protected":false},"author":1,"featured_media":0,"parent":220,"menu_order":0,"comment_status":"closed","ping_status":"closed","template":"catalog-single-product","meta":{"inline_featured_image":false,"_uag_custom_page_level_css":"","_swt_meta_header_display":false,"_swt_meta_footer_display":false,"_swt_meta_site_title_display":false,"_swt_meta_sticky_header":false,"_swt_meta_transparent_header":false,"footnotes":""},"class_list":["post-505","page","type-page","status-publish","hentry"],"yoast_head":"<!-- This site is optimized with the Yoast SEO plugin v23.6 - https:\/\/yoast.com\/wordpress\/plugins\/seo\/ -->\n<title>Cao h\u00e0 th\u1ee7 \u00f4 - Olavuon<\/title>\n<meta name=\"robots\" content=\"index, follow, max-snippet:-1, max-image-preview:large, max-video-preview:-1\" \/>\n<link rel=\"canonical\" href=\"https:\/\/olavuon.com\/home\/catalog\/cao-ha-thu-o\/\" \/>\n<meta property=\"og:locale\" content=\"vi_VN\" \/>\n<meta property=\"og:type\" content=\"article\" \/>\n<meta property=\"og:title\" content=\"Cao h\u00e0 th\u1ee7 \u00f4 - Olavuon\" \/>\n<meta property=\"og:url\" content=\"https:\/\/olavuon.com\/home\/catalog\/cao-ha-thu-o\/\" \/>\n<meta property=\"og:site_name\" content=\"Olavuon\" \/>\n<meta property=\"article:modified_time\" content=\"2026-02-23T17:53:07+00:00\" \/>\n<meta name=\"twitter:card\" content=\"summary_large_image\" \/>\n<script type=\"application\/ld+json\" class=\"yoast-schema-graph\">{\"@context\":\"https:\/\/schema.org\",\"@graph\":[{\"@type\":\"WebPage\",\"@id\":\"https:\/\/olavuon.com\/home\/catalog\/cao-ha-thu-o\/\",\"url\":\"https:\/\/olavuon.com\/home\/catalog\/cao-ha-thu-o\/\",\"name\":\"Cao h\u00e0 th\u1ee7 \u00f4 - Olavuon\",\"isPartOf\":{\"@id\":\"https:\/\/olavuon.com\/home\/#website\"},\"datePublished\":\"2026-02-23T09:25:52+00:00\",\"dateModified\":\"2026-02-23T17:53:07+00:00\",\"breadcrumb\":{\"@id\":\"https:\/\/olavuon.com\/home\/catalog\/cao-ha-thu-o\/#breadcrumb\"},\"inLanguage\":\"vi\",\"potentialAction\":[{\"@type\":\"ReadAction\",\"target\":[\"https:\/\/olavuon.com\/home\/catalog\/cao-ha-thu-o\/\"]}]},{\"@type\":\"BreadcrumbList\",\"@id\":\"https:\/\/olavuon.com\/home\/catalog\/cao-ha-thu-o\/#breadcrumb\",\"itemListElement\":[{\"@type\":\"ListItem\",\"position\":1,\"name\":\"Home\",\"item\":\"https:\/\/olavuon.com\/home\/\"},{\"@type\":\"ListItem\",\"position\":2,\"name\":\"Catalog\",\"item\":\"https:\/\/olavuon.com\/home\/\"},{\"@type\":\"ListItem\",\"position\":3,\"name\":\"Cao h\u00e0 th\u1ee7 \u00f4\"}]},{\"@type\":\"WebSite\",\"@id\":\"https:\/\/olavuon.com\/home\/#website\",\"url\":\"https:\/\/olavuon.com\/home\/\",\"name\":\"Olavuon\",\"description\":\"V\u01b0\u1eddn thu\u1ed1c\",\"publisher\":{\"@id\":\"https:\/\/olavuon.com\/home\/#organization\"},\"potentialAction\":[{\"@type\":\"SearchAction\",\"target\":{\"@type\":\"EntryPoint\",\"urlTemplate\":\"https:\/\/olavuon.com\/home\/?s={search_term_string}\"},\"query-input\":{\"@type\":\"PropertyValueSpecification\",\"valueRequired\":true,\"valueName\":\"search_term_string\"}}],\"inLanguage\":\"vi\"},{\"@type\":\"Organization\",\"@id\":\"https:\/\/olavuon.com\/home\/#organization\",\"name\":\"Olavuon\",\"url\":\"https:\/\/olavuon.com\/home\/\",\"logo\":{\"@type\":\"ImageObject\",\"inLanguage\":\"vi\",\"@id\":\"https:\/\/olavuon.com\/home\/#\/schema\/logo\/image\/\",\"url\":\"https:\/\/olavuon.com\/wp-content\/uploads\/2024\/10\/logo-1.svg\",\"contentUrl\":\"https:\/\/olavuon.com\/wp-content\/uploads\/2024\/10\/logo-1.svg\",\"caption\":\"Olavuon\"},\"image\":{\"@id\":\"https:\/\/olavuon.com\/home\/#\/schema\/logo\/image\/\"}}]}<\/script>\n<!-- \/ Yoast SEO plugin. -->","yoast_head_json":{"title":"Cao h\u00e0 th\u1ee7 \u00f4 - Olavuon","robots":{"index":"index","follow":"follow","max-snippet":"max-snippet:-1","max-image-preview":"max-image-preview:large","max-video-preview":"max-video-preview:-1"},"canonical":"https:\/\/olavuon.com\/home\/catalog\/cao-ha-thu-o\/","og_locale":"vi_VN","og_type":"article","og_title":"Cao h\u00e0 th\u1ee7 \u00f4 - Olavuon","og_url":"https:\/\/olavuon.com\/home\/catalog\/cao-ha-thu-o\/","og_site_name":"Olavuon","article_modified_time":"2026-02-23T17:53:07+00:00","twitter_card":"summary_large_image","schema":{"@context":"https:\/\/schema.org","@graph":[{"@type":"WebPage","@id":"https:\/\/olavuon.com\/home\/catalog\/cao-ha-thu-o\/","url":"https:\/\/olavuon.com\/home\/catalog\/cao-ha-thu-o\/","name":"Cao h\u00e0 th\u1ee7 \u00f4 - Olavuon","isPartOf":{"@id":"https:\/\/olavuon.com\/home\/#website"},"datePublished":"2026-02-23T09:25:52+00:00","dateModified":"2026-02-23T17:53:07+00:00","breadcrumb":{"@id":"https:\/\/olavuon.com\/home\/catalog\/cao-ha-thu-o\/#breadcrumb"},"inLanguage":"vi","potentialAction":[{"@type":"ReadAction","target":["https:\/\/olavuon.com\/home\/catalog\/cao-ha-thu-o\/"]}]},{"@type":"BreadcrumbList","@id":"https:\/\/olavuon.com\/home\/catalog\/cao-ha-thu-o\/#breadcrumb","itemListElement":[{"@type":"ListItem","position":1,"name":"Home","item":"https:\/\/olavuon.com\/home\/"},{"@type":"ListItem","position":2,"name":"Catalog","item":"https:\/\/olavuon.com\/home\/"},{"@type":"ListItem","position":3,"name":"Cao h\u00e0 th\u1ee7 \u00f4"}]},{"@type":"WebSite","@id":"https:\/\/olavuon.com\/home\/#website","url":"https:\/\/olavuon.com\/home\/","name":"Olavuon","description":"V\u01b0\u1eddn thu\u1ed1c","publisher":{"@id":"https:\/\/olavuon.com\/home\/#organization"},"potentialAction":[{"@type":"SearchAction","target":{"@type":"EntryPoint","urlTemplate":"https:\/\/olavuon.com\/home\/?s={search_term_string}"},"query-input":{"@type":"PropertyValueSpecification","valueRequired":true,"valueName":"search_term_string"}}],"inLanguage":"vi"},{"@type":"Organization","@id":"https:\/\/olavuon.com\/home\/#organization","name":"Olavuon","url":"https:\/\/olavuon.com\/home\/","logo":{"@type":"ImageObject","inLanguage":"vi","@id":"https:\/\/olavuon.com\/home\/#\/schema\/logo\/image\/","url":"https:\/\/olavuon.com\/wp-content\/uploads\/2024\/10\/logo-1.svg","contentUrl":"https:\/\/olavuon.com\/wp-content\/uploads\/2024\/10\/logo-1.svg","caption":"Olavuon"},"image":{"@id":"https:\/\/olavuon.com\/home\/#\/schema\/logo\/image\/"}}]}},"uagb_featured_image_src":{"full":false,"thumbnail":false,"medium":false,"medium_large":false,"large":false,"1536x1536":false,"2048x2048":false,"mailpoet_newsletter_max":false,"woocommerce_thumbnail":false,"woocommerce_single":false,"woocommerce_gallery_thumbnail":false},"uagb_author_info":{"display_name":"dohoang_olavuon","author_link":"https:\/\/olavuon.com\/home\/author\/dohoang_olavuon\/"},"uagb_comment_info":0,"uagb_excerpt":null,"_links":{"self":[{"href":"https:\/\/olavuon.com\/home\/wp-json\/wp\/v2\/pages\/505","targetHints":{"allow":["GET"]}}],"collection":[{"href":"https:\/\/olavuon.com\/home\/wp-json\/wp\/v2\/pages"}],"about":[{"href":"https:\/\/olavuon.com\/home\/wp-json\/wp\/v2\/types\/page"}],"author":[{"embeddable":true,"href":"https:\/\/olavuon.com\/home\/wp-json\/wp\/v2\/users\/1"}],"replies":[{"embeddable":true,"href":"https:\/\/olavuon.com\/home\/wp-json\/wp\/v2\/comments?post=505"}],"version-history":[{"count":3,"href":"https:\/\/olavuon.com\/home\/wp-json\/wp\/v2\/pages\/505\/revisions"}],"predecessor-version":[{"id":602,"href":"https:\/\/olavuon.com\/home\/wp-json\/wp\/v2\/pages\/505\/revisions\/602"}],"up":[{"embeddable":true,"href":"https:\/\/olavuon.com\/home\/wp-json\/wp\/v2\/pages\/220"}],"wp:attachment":[{"href":"https:\/\/olavuon.com\/home\/wp-json\/wp\/v2\/media?parent=505"}],"curies":[{"name":"wp","href":"https:\/\/api.w.org\/{rel}","templated":true}]}}